{"id":1225,"date":"2021-02-26T09:22:52","date_gmt":"2021-02-26T09:22:52","guid":{"rendered":"https:\/\/havenzichttexel.nl\/ueber-uns\/"},"modified":"2022-04-14T19:28:12","modified_gmt":"2022-04-14T19:28:12","slug":"uber-uns","status":"publish","type":"page","link":"https:\/\/havenzichttexel.nl\/de\/uber-uns\/","title":{"rendered":"\u00dcber uns"},"content":{"rendered":"\t\t<div data-elementor-type=\"wp-post\" data-elementor-id=\"1225\" class=\"elementor elementor-1225 elementor-66\" data-elementor-post-type=\"page\">\n\t\t\t\t\t\t<section class=\"elementor-section elementor-top-section elementor-element elementor-element-494f570a elementor-section-height-min-height elementor-section-content-middle elementor-section-boxed elementor-section-height-default elementor-section-items-middle\" data-id=\"494f570a\" data-element_type=\"section\" data-settings=\"{&quot;background_background&quot;:&quot;classic&quot;}\">\n\t\t\t\t\t\t\t<div class=\"elementor-background-overlay\"><\/div>\n\t\t\t\t\t\t\t<div class=\"elementor-container elementor-column-gap-extended\">\n\t\t\t\t\t<div class=\"elementor-column elementor-col-100 elementor-top-column elementor-element elementor-element-5b055b0\" data-id=\"5b055b0\" data-element_type=\"column\">\n\t\t\t<div class=\"elementor-widget-wrap elementor-element-populated\">\n\t\t\t\t\t\t<div class=\"elementor-element elementor-element-69745a7 elementor-widget elementor-widget-image\" data-id=\"69745a7\" data-element_type=\"widget\" data-widget_type=\"image.default\">\n\t\t\t\t<div class=\"elementor-widget-container\">\n\t\t\t\t\t\t\t\t\t\t\t\t\t\t\t<img fetchpriority=\"high\" decoding=\"async\" width=\"768\" height=\"183\" src=\"https:\/\/havenzichttexel.nl\/wp-content\/uploads\/2020\/09\/Logo-Haven-Zicht-rgb-768x183.png\" class=\"attachment-medium_large size-medium_large wp-image-1498\" alt=\"\" srcset=\"https:\/\/havenzichttexel.nl\/wp-content\/uploads\/2020\/09\/Logo-Haven-Zicht-rgb-768x183.png 768w, https:\/\/havenzichttexel.nl\/wp-content\/uploads\/2020\/09\/Logo-Haven-Zicht-rgb-300x71.png 300w, https:\/\/havenzichttexel.nl\/wp-content\/uploads\/2020\/09\/Logo-Haven-Zicht-rgb-1024x244.png 1024w, https:\/\/havenzichttexel.nl\/wp-content\/uploads\/2020\/09\/Logo-Haven-Zicht-rgb-1920x457.png 1920w, https:\/\/havenzichttexel.nl\/wp-content\/uploads\/2020\/09\/Logo-Haven-Zicht-rgb-1200x286.png 1200w, https:\/\/havenzichttexel.nl\/wp-content\/uploads\/2020\/09\/Logo-Haven-Zicht-rgb-960x229.png 960w, https:\/\/havenzichttexel.nl\/wp-content\/uploads\/2020\/09\/Logo-Haven-Zicht-rgb-1536x366.png 1536w, https:\/\/havenzichttexel.nl\/wp-content\/uploads\/2020\/09\/Logo-Haven-Zicht-rgb-2048x488.png 2048w\" sizes=\"(max-width: 768px) 100vw, 768px\" \/>\t\t\t\t\t\t\t\t\t\t\t\t\t\t\t<\/div>\n\t\t\t\t<\/div>\n\t\t\t\t\t<\/div>\n\t\t<\/div>\n\t\t\t\t\t<\/div>\n\t\t<\/section>\n\t\t\t\t<section class=\"elementor-section elementor-top-section elementor-element elementor-element-5365f6c elementor-section-boxed elementor-section-height-default elementor-section-height-default\" data-id=\"5365f6c\" data-element_type=\"section\">\n\t\t\t\t\t\t<div class=\"elementor-container elementor-column-gap-default\">\n\t\t\t\t\t<div class=\"elementor-column elementor-col-50 elementor-top-column elementor-element elementor-element-a2d6989\" data-id=\"a2d6989\" data-element_type=\"column\" data-settings=\"{&quot;background_background&quot;:&quot;classic&quot;}\">\n\t\t\t<div class=\"elementor-widget-wrap elementor-element-populated\">\n\t\t\t\t\t\t<div class=\"elementor-element elementor-element-1401102 elementor-widget elementor-widget-heading\" data-id=\"1401102\" data-element_type=\"widget\" data-widget_type=\"heading.default\">\n\t\t\t\t<div class=\"elementor-widget-container\">\n\t\t\t\t\t<h1 class=\"elementor-heading-title elementor-size-xl\">\u00dcber uns:<\/h1>\t\t\t\t<\/div>\n\t\t\t\t<\/div>\n\t\t\t\t<div class=\"elementor-element elementor-element-fadbe70 elementor-widget elementor-widget-text-editor\" data-id=\"fadbe70\" data-element_type=\"widget\" data-widget_type=\"text-editor.default\">\n\t\t\t\t<div class=\"elementor-widget-container\">\n\t\t\t\t\t\t\t\t\t<p><strong>Familienbetrieb<\/strong><\/p>\n<p>Hotel-Restaurant Havenzicht ist bereits seit 1909 im Besitz der Texeler Familie Bakker und ab 1998 Eigentum von Ruud und Tineke Bakker, wobei Ruud die herrlichsten Gerichte zubereitet und Tineke die G\u00e4ste auf das Herzlichste empf\u00e4ngt. Nach einem umfangreichen Umbau des Restaurants, einem neuen Wintergarten mit Terrasse und neuer Einrichtung, bekam Havenzicht eine moderne Ausstrahlung. Was blieb, ist die Gastfreundschaft, schmackhafte Gerichte und die gem\u00fctliche Atmosph\u00e4re.<\/p>\n\t\t\t\t\t\t\t\t<\/div>\n\t\t\t\t<\/div>\n\t\t\t\t\t<\/div>\n\t\t<\/div>\n\t\t\t\t<div class=\"elementor-column elementor-col-50 elementor-top-column elementor-element elementor-element-53a0bd4\" data-id=\"53a0bd4\" data-element_type=\"column\">\n\t\t\t<div class=\"elementor-widget-wrap elementor-element-populated\">\n\t\t\t\t\t\t<div class=\"elementor-element elementor-element-7e01216 elementor-widget elementor-widget-image\" data-id=\"7e01216\" data-element_type=\"widget\" data-widget_type=\"image.default\">\n\t\t\t\t<div class=\"elementor-widget-container\">\n\t\t\t\t\t\t\t\t\t\t\t\t\t\t\t<img decoding=\"async\" width=\"1536\" height=\"1025\" src=\"https:\/\/havenzichttexel.nl\/wp-content\/uploads\/2020\/08\/havenzicht-foto-04-1536x1025.jpg\" class=\"attachment-1536x1536 size-1536x1536 wp-image-1467\" alt=\"\" srcset=\"https:\/\/havenzichttexel.nl\/wp-content\/uploads\/2020\/08\/havenzicht-foto-04-1536x1025.jpg 1536w, https:\/\/havenzichttexel.nl\/wp-content\/uploads\/2020\/08\/havenzicht-foto-04-300x200.jpg 300w, https:\/\/havenzichttexel.nl\/wp-content\/uploads\/2020\/08\/havenzicht-foto-04-1024x684.jpg 1024w, https:\/\/havenzichttexel.nl\/wp-content\/uploads\/2020\/08\/havenzicht-foto-04-768x513.jpg 768w, https:\/\/havenzichttexel.nl\/wp-content\/uploads\/2020\/08\/havenzicht-foto-04-2048x1367.jpg 2048w\" sizes=\"(max-width: 1536px) 100vw, 1536px\" \/>\t\t\t\t\t\t\t\t\t\t\t\t\t\t\t<\/div>\n\t\t\t\t<\/div>\n\t\t\t\t\t<\/div>\n\t\t<\/div>\n\t\t\t\t\t<\/div>\n\t\t<\/section>\n\t\t\t\t<section class=\"elementor-section elementor-top-section elementor-element elementor-element-3419634 elementor-section-boxed elementor-section-height-default elementor-section-height-default\" data-id=\"3419634\" data-element_type=\"section\">\n\t\t\t\t\t\t<div class=\"elementor-container elementor-column-gap-default\">\n\t\t\t\t\t<div class=\"elementor-column elementor-col-50 elementor-top-column elementor-element elementor-element-ff8224b\" data-id=\"ff8224b\" data-element_type=\"column\">\n\t\t\t<div class=\"elementor-widget-wrap elementor-element-populated\">\n\t\t\t\t\t\t<div class=\"elementor-element elementor-element-4adfa53 elementor-widget elementor-widget-image\" data-id=\"4adfa53\" data-element_type=\"widget\" data-widget_type=\"image.default\">\n\t\t\t\t<div class=\"elementor-widget-container\">\n\t\t\t\t\t\t\t\t\t\t\t\t\t\t\t<img decoding=\"async\" width=\"1024\" height=\"527\" src=\"https:\/\/havenzichttexel.nl\/wp-content\/uploads\/2020\/06\/havenzicht-01-1024x527.jpg\" class=\"attachment-large size-large wp-image-1435\" alt=\"\" srcset=\"https:\/\/havenzichttexel.nl\/wp-content\/uploads\/2020\/06\/havenzicht-01-1024x527.jpg 1024w, https:\/\/havenzichttexel.nl\/wp-content\/uploads\/2020\/06\/havenzicht-01-300x154.jpg 300w, https:\/\/havenzichttexel.nl\/wp-content\/uploads\/2020\/06\/havenzicht-01-768x395.jpg 768w, https:\/\/havenzichttexel.nl\/wp-content\/uploads\/2020\/06\/havenzicht-01-1536x790.jpg 1536w, https:\/\/havenzichttexel.nl\/wp-content\/uploads\/2020\/06\/havenzicht-01-2048x1053.jpg 2048w\" sizes=\"(max-width: 1024px) 100vw, 1024px\" \/>\t\t\t\t\t\t\t\t\t\t\t\t\t\t\t<\/div>\n\t\t\t\t<\/div>\n\t\t\t\t\t<\/div>\n\t\t<\/div>\n\t\t\t\t<div class=\"elementor-column elementor-col-50 elementor-top-column elementor-element elementor-element-53ad573\" data-id=\"53ad573\" data-element_type=\"column\" data-settings=\"{&quot;background_background&quot;:&quot;classic&quot;}\">\n\t\t\t<div class=\"elementor-widget-wrap elementor-element-populated\">\n\t\t\t\t\t\t<div class=\"elementor-element elementor-element-01af332 elementor-widget elementor-widget-text-editor\" data-id=\"01af332\" data-element_type=\"widget\" data-widget_type=\"text-editor.default\">\n\t\t\t\t<div class=\"elementor-widget-container\">\n\t\t\t\t\t\t\t\t\t<p><strong>Reiche Geschichte<\/strong><\/p>\n<p>Havenzicht hat eine turbulente Geschichte. Das Restaurant, das seinerzeit noch \u2019t Schippershuus hie\u00df, wurde 1909 durch den Urgro\u00dfvater Thijs Bakker gekauft. Das Restaurant stand urspr\u00fcnglich neben dem heutigen Geb\u00e4ude, zur H\u00e4lfte im Deich. Nach der Deicherh\u00f6hung im Jahre 1934 wurde ein neues Restaurant gebaut. Jedoch brannte das Geb\u00e4ude zum Ende des zweiten Weltkriegs ab. 1948 sorge die nachfolgende Generation, Johan Dirk Bakker und Ehefrau Marie Commandeur, f\u00fcr die Neuerrichtung. Nachdem auch Johan\u2019s Eltern, Theo und Tiny Bakker, jahrelang Havenzicht betrieben haben, ist Ruud die 4. Generation Bakker, die nun am Steuer des Familienbesitzes sitzt.<\/p>\n\t\t\t\t\t\t\t\t<\/div>\n\t\t\t\t<\/div>\n\t\t\t\t\t<\/div>\n\t\t<\/div>\n\t\t\t\t\t<\/div>\n\t\t<\/section>\n\t\t\t\t<\/div>\n\t\t","protected":false},"excerpt":{"rendered":"<p>\u00dcber uns: Familienbetrieb Hotel-Restaurant Havenzicht ist bereits seit 1909 im Besitz der Texeler Familie Bakker und ab 1998 Eigentum von Ruud und Tineke Bakker, wobei Ruud die herrlichsten Gerichte zubereitet und Tineke die G\u00e4ste auf das Herzlichste empf\u00e4ngt. Nach einem umfangreichen Umbau des Restaurants, einem neuen Wintergarten mit Terrasse und neuer Einrichtung, bekam Havenzicht eine [&hellip;]<\/p>\n","protected":false},"author":1,"featured_media":0,"parent":0,"menu_order":2,"comment_status":"closed","ping_status":"closed","template":"","meta":{"site-sidebar-layout":"no-sidebar","site-content-layout":"page-builder","ast-site-content-layout":"","site-content-style":"default","site-sidebar-style":"default","ast-global-header-display":"","ast-banner-title-visibility":"","ast-main-header-display":"","ast-hfb-above-header-display":"","ast-hfb-below-header-display":"","ast-hfb-mobile-header-display":"","site-post-title":"disabled","ast-breadcrumbs-content":"","ast-featured-img":"disabled","footer-sml-layout":"","theme-transparent-header-meta":"default","adv-header-id-meta":"","stick-header-meta":"","header-above-stick-meta":"","header-main-stick-meta":"","header-below-stick-meta":"","astra-migrate-meta-layouts":"default","ast-page-background-enabled":"default","ast-page-background-meta":{"desktop":{"background-color":"var(--ast-global-color-4)","background-image":"","background-repeat":"repeat","background-position":"center center","background-size":"auto","background-attachment":"scroll","background-type":"","background-media":"","overlay-type":"","overlay-color":"","overlay-opacity":"","overlay-gradient":""},"tablet":{"background-color":"","background-image":"","background-repeat":"repeat","background-position":"center center","background-size":"auto","background-attachment":"scroll","background-type":"","background-media":"","overlay-type":"","overlay-color":"","overlay-opacity":"","overlay-gradient":""},"mobile":{"background-color":"","background-image":"","background-repeat":"repeat","background-position":"center center","background-size":"auto","background-attachment":"scroll","background-type":"","background-media":"","overlay-type":"","overlay-color":"","overlay-opacity":"","overlay-gradient":""}},"ast-content-background-meta":{"desktop":{"background-color":"var(--ast-global-color-5)","background-image":"","background-repeat":"repeat","background-position":"center center","background-size":"auto","background-attachment":"scroll","background-type":"","background-media":"","overlay-type":"","overlay-color":"","overlay-opacity":"","overlay-gradient":""},"tablet":{"background-color":"var(--ast-global-color-5)","background-image":"","background-repeat":"repeat","background-position":"center center","background-size":"auto","background-attachment":"scroll","background-type":"","background-media":"","overlay-type":"","overlay-color":"","overlay-opacity":"","overlay-gradient":""},"mobile":{"background-color":"var(--ast-global-color-5)","background-image":"","background-repeat":"repeat","background-position":"center center","background-size":"auto","background-attachment":"scroll","background-type":"","background-media":"","overlay-type":"","overlay-color":"","overlay-opacity":"","overlay-gradient":""}},"footnotes":""},"class_list":["post-1225","page","type-page","status-publish","hentry"],"yoast_head":"<!-- This site is optimized with the Yoast SEO plugin v25.4 - https:\/\/yoast.com\/wordpress\/plugins\/seo\/ -->\n<title>\u00dcber das Hotelrestaurant Havenzicht auf Texel<\/title>\n<meta name=\"description\" content=\"Essen und Schlafen im Hafen von Texel seit 1909. Ein einzigartiger Ort f\u00fcr Hotel und Restaurant mit Blick auf den Hafen von Oudeshild\" \/>\n<meta name=\"robots\" content=\"index, follow, max-snippet:-1, max-image-preview:large, max-video-preview:-1\" \/>\n<link rel=\"canonical\" href=\"https:\/\/havenzichttexel.nl\/de\/uber-uns\/\" \/>\n<meta property=\"og:locale\" content=\"de_DE\" \/>\n<meta property=\"og:type\" content=\"article\" \/>\n<meta property=\"og:title\" content=\"\u00dcber das Hotelrestaurant Havenzicht auf Texel\" \/>\n<meta property=\"og:description\" content=\"Essen und Schlafen im Hafen von Texel seit 1909. Ein einzigartiger Ort f\u00fcr Hotel und Restaurant mit Blick auf den Hafen von Oudeshild\" \/>\n<meta property=\"og:url\" content=\"https:\/\/havenzichttexel.nl\/de\/uber-uns\/\" \/>\n<meta property=\"og:site_name\" content=\"Havenzicht Texel\" \/>\n<meta property=\"article:modified_time\" content=\"2022-04-14T19:28:12+00:00\" \/>\n<meta property=\"og:image\" content=\"https:\/\/havenzichttexel.nl\/wp-content\/uploads\/2020\/09\/Logo-Haven-Zicht-rgb-768x183.png\" \/>\n<meta name=\"twitter:card\" content=\"summary_large_image\" \/>\n<meta name=\"twitter:label1\" content=\"Gesch\u00e4tzte Lesezeit\" \/>\n\t<meta name=\"twitter:data1\" content=\"2\u00a0Minuten\" \/>\n<script type=\"application\/ld+json\" class=\"yoast-schema-graph\">{\"@context\":\"https:\/\/schema.org\",\"@graph\":[{\"@type\":\"WebPage\",\"@id\":\"https:\/\/havenzichttexel.nl\/de\/uber-uns\/\",\"url\":\"https:\/\/havenzichttexel.nl\/de\/uber-uns\/\",\"name\":\"\u00dcber das Hotelrestaurant Havenzicht auf Texel\",\"isPartOf\":{\"@id\":\"https:\/\/havenzichttexel.nl\/de\/#website\"},\"primaryImageOfPage\":{\"@id\":\"https:\/\/havenzichttexel.nl\/de\/uber-uns\/#primaryimage\"},\"image\":{\"@id\":\"https:\/\/havenzichttexel.nl\/de\/uber-uns\/#primaryimage\"},\"thumbnailUrl\":\"https:\/\/havenzichttexel.nl\/wp-content\/uploads\/2020\/09\/Logo-Haven-Zicht-rgb-768x183.png\",\"datePublished\":\"2021-02-26T09:22:52+00:00\",\"dateModified\":\"2022-04-14T19:28:12+00:00\",\"description\":\"Essen und Schlafen im Hafen von Texel seit 1909. Ein einzigartiger Ort f\u00fcr Hotel und Restaurant mit Blick auf den Hafen von Oudeshild\",\"breadcrumb\":{\"@id\":\"https:\/\/havenzichttexel.nl\/de\/uber-uns\/#breadcrumb\"},\"inLanguage\":\"de\",\"potentialAction\":[{\"@type\":\"ReadAction\",\"target\":[\"https:\/\/havenzichttexel.nl\/de\/uber-uns\/\"]}]},{\"@type\":\"ImageObject\",\"inLanguage\":\"de\",\"@id\":\"https:\/\/havenzichttexel.nl\/de\/uber-uns\/#primaryimage\",\"url\":\"https:\/\/havenzichttexel.nl\/wp-content\/uploads\/2020\/09\/Logo-Haven-Zicht-rgb-768x183.png\",\"contentUrl\":\"https:\/\/havenzichttexel.nl\/wp-content\/uploads\/2020\/09\/Logo-Haven-Zicht-rgb-768x183.png\"},{\"@type\":\"BreadcrumbList\",\"@id\":\"https:\/\/havenzichttexel.nl\/de\/uber-uns\/#breadcrumb\",\"itemListElement\":[{\"@type\":\"ListItem\",\"position\":1,\"name\":\"Home\",\"item\":\"https:\/\/havenzichttexel.nl\/de\/\"},{\"@type\":\"ListItem\",\"position\":2,\"name\":\"\u00dcber uns\"}]},{\"@type\":\"WebSite\",\"@id\":\"https:\/\/havenzichttexel.nl\/de\/#website\",\"url\":\"https:\/\/havenzichttexel.nl\/de\/\",\"name\":\"Havenzicht Texel\",\"description\":\"Hotel restaurant Havenzicht\",\"publisher\":{\"@id\":\"https:\/\/havenzichttexel.nl\/de\/#organization\"},\"potentialAction\":[{\"@type\":\"SearchAction\",\"target\":{\"@type\":\"EntryPoint\",\"urlTemplate\":\"https:\/\/havenzichttexel.nl\/de\/?s={search_term_string}\"},\"query-input\":{\"@type\":\"PropertyValueSpecification\",\"valueRequired\":true,\"valueName\":\"search_term_string\"}}],\"inLanguage\":\"de\"},{\"@type\":\"Organization\",\"@id\":\"https:\/\/havenzichttexel.nl\/de\/#organization\",\"name\":\"Havenzicht Texel\",\"url\":\"https:\/\/havenzichttexel.nl\/de\/\",\"logo\":{\"@type\":\"ImageObject\",\"inLanguage\":\"de\",\"@id\":\"https:\/\/havenzichttexel.nl\/de\/#\/schema\/logo\/image\/\",\"url\":\"https:\/\/havenzichttexel.nl\/wp-content\/uploads\/2020\/09\/cropped-Logo-Haven-Zicht-rgb.png\",\"contentUrl\":\"https:\/\/havenzichttexel.nl\/wp-content\/uploads\/2020\/09\/cropped-Logo-Haven-Zicht-rgb.png\",\"width\":3187,\"height\":759,\"caption\":\"Havenzicht Texel\"},\"image\":{\"@id\":\"https:\/\/havenzichttexel.nl\/de\/#\/schema\/logo\/image\/\"}}]}<\/script>\n<!-- \/ Yoast SEO plugin. -->","yoast_head_json":{"title":"\u00dcber das Hotelrestaurant Havenzicht auf Texel","description":"Essen und Schlafen im Hafen von Texel seit 1909. Ein einzigartiger Ort f\u00fcr Hotel und Restaurant mit Blick auf den Hafen von Oudeshild","robots":{"index":"index","follow":"follow","max-snippet":"max-snippet:-1","max-image-preview":"max-image-preview:large","max-video-preview":"max-video-preview:-1"},"canonical":"https:\/\/havenzichttexel.nl\/de\/uber-uns\/","og_locale":"de_DE","og_type":"article","og_title":"\u00dcber das Hotelrestaurant Havenzicht auf Texel","og_description":"Essen und Schlafen im Hafen von Texel seit 1909. Ein einzigartiger Ort f\u00fcr Hotel und Restaurant mit Blick auf den Hafen von Oudeshild","og_url":"https:\/\/havenzichttexel.nl\/de\/uber-uns\/","og_site_name":"Havenzicht Texel","article_modified_time":"2022-04-14T19:28:12+00:00","og_image":[{"url":"https:\/\/havenzichttexel.nl\/wp-content\/uploads\/2020\/09\/Logo-Haven-Zicht-rgb-768x183.png","type":"","width":"","height":""}],"twitter_card":"summary_large_image","twitter_misc":{"Gesch\u00e4tzte Lesezeit":"2\u00a0Minuten"},"schema":{"@context":"https:\/\/schema.org","@graph":[{"@type":"WebPage","@id":"https:\/\/havenzichttexel.nl\/de\/uber-uns\/","url":"https:\/\/havenzichttexel.nl\/de\/uber-uns\/","name":"\u00dcber das Hotelrestaurant Havenzicht auf Texel","isPartOf":{"@id":"https:\/\/havenzichttexel.nl\/de\/#website"},"primaryImageOfPage":{"@id":"https:\/\/havenzichttexel.nl\/de\/uber-uns\/#primaryimage"},"image":{"@id":"https:\/\/havenzichttexel.nl\/de\/uber-uns\/#primaryimage"},"thumbnailUrl":"https:\/\/havenzichttexel.nl\/wp-content\/uploads\/2020\/09\/Logo-Haven-Zicht-rgb-768x183.png","datePublished":"2021-02-26T09:22:52+00:00","dateModified":"2022-04-14T19:28:12+00:00","description":"Essen und Schlafen im Hafen von Texel seit 1909. Ein einzigartiger Ort f\u00fcr Hotel und Restaurant mit Blick auf den Hafen von Oudeshild","breadcrumb":{"@id":"https:\/\/havenzichttexel.nl\/de\/uber-uns\/#breadcrumb"},"inLanguage":"de","potentialAction":[{"@type":"ReadAction","target":["https:\/\/havenzichttexel.nl\/de\/uber-uns\/"]}]},{"@type":"ImageObject","inLanguage":"de","@id":"https:\/\/havenzichttexel.nl\/de\/uber-uns\/#primaryimage","url":"https:\/\/havenzichttexel.nl\/wp-content\/uploads\/2020\/09\/Logo-Haven-Zicht-rgb-768x183.png","contentUrl":"https:\/\/havenzichttexel.nl\/wp-content\/uploads\/2020\/09\/Logo-Haven-Zicht-rgb-768x183.png"},{"@type":"BreadcrumbList","@id":"https:\/\/havenzichttexel.nl\/de\/uber-uns\/#breadcrumb","itemListElement":[{"@type":"ListItem","position":1,"name":"Home","item":"https:\/\/havenzichttexel.nl\/de\/"},{"@type":"ListItem","position":2,"name":"\u00dcber uns"}]},{"@type":"WebSite","@id":"https:\/\/havenzichttexel.nl\/de\/#website","url":"https:\/\/havenzichttexel.nl\/de\/","name":"Havenzicht Texel","description":"Hotel restaurant Havenzicht","publisher":{"@id":"https:\/\/havenzichttexel.nl\/de\/#organization"},"potentialAction":[{"@type":"SearchAction","target":{"@type":"EntryPoint","urlTemplate":"https:\/\/havenzichttexel.nl\/de\/?s={search_term_string}"},"query-input":{"@type":"PropertyValueSpecification","valueRequired":true,"valueName":"search_term_string"}}],"inLanguage":"de"},{"@type":"Organization","@id":"https:\/\/havenzichttexel.nl\/de\/#organization","name":"Havenzicht Texel","url":"https:\/\/havenzichttexel.nl\/de\/","logo":{"@type":"ImageObject","inLanguage":"de","@id":"https:\/\/havenzichttexel.nl\/de\/#\/schema\/logo\/image\/","url":"https:\/\/havenzichttexel.nl\/wp-content\/uploads\/2020\/09\/cropped-Logo-Haven-Zicht-rgb.png","contentUrl":"https:\/\/havenzichttexel.nl\/wp-content\/uploads\/2020\/09\/cropped-Logo-Haven-Zicht-rgb.png","width":3187,"height":759,"caption":"Havenzicht Texel"},"image":{"@id":"https:\/\/havenzichttexel.nl\/de\/#\/schema\/logo\/image\/"}}]}},"_links":{"self":[{"href":"https:\/\/havenzichttexel.nl\/de\/wp-json\/wp\/v2\/pages\/1225","targetHints":{"allow":["GET"]}}],"collection":[{"href":"https:\/\/havenzichttexel.nl\/de\/wp-json\/wp\/v2\/pages"}],"about":[{"href":"https:\/\/havenzichttexel.nl\/de\/wp-json\/wp\/v2\/types\/page"}],"author":[{"embeddable":true,"href":"https:\/\/havenzichttexel.nl\/de\/wp-json\/wp\/v2\/users\/1"}],"replies":[{"embeddable":true,"href":"https:\/\/havenzichttexel.nl\/de\/wp-json\/wp\/v2\/comments?post=1225"}],"version-history":[{"count":5,"href":"https:\/\/havenzichttexel.nl\/de\/wp-json\/wp\/v2\/pages\/1225\/revisions"}],"predecessor-version":[{"id":1534,"href":"https:\/\/havenzichttexel.nl\/de\/wp-json\/wp\/v2\/pages\/1225\/revisions\/1534"}],"wp:attachment":[{"href":"https:\/\/havenzichttexel.nl\/de\/wp-json\/wp\/v2\/media?parent=1225"}],"curies":[{"name":"wp","href":"https:\/\/api.w.org\/{rel}","templated":true}]}}